{"id":779,"date":"2025-04-02T20:54:10","date_gmt":"2025-04-02T20:54:10","guid":{"rendered":"https:\/\/carpasjoal.com\/?page_id=779"},"modified":"2025-04-02T21:07:23","modified_gmt":"2025-04-02T21:07:23","slug":"renta-de-generador-patin-hidraulico-y-bidones","status":"publish","type":"page","link":"https:\/\/carpasjoal.com\/index.php\/renta-de-generador-patin-hidraulico-y-bidones\/","title":{"rendered":"RENTA DE GENERADOR, PAT\u00cdN HIDR\u00c1ULICO Y BIDONES"},"content":{"rendered":"\t\t<div data-elementor-type=\"wp-page\" data-elementor-id=\"779\" class=\"elementor elementor-779\">\n\t\t\t\t<div class=\"elementor-element elementor-element-39c72e5 e-flex e-con-boxed e-con e-parent\" data-id=\"39c72e5\" data-element_type=\"container\">\n\t\t\t\t\t<div class=\"e-con-inner\">\n\t\t\t\t<div class=\"elementor-element elementor-element-6c99a71 elementor-widget elementor-widget-text-editor\" data-id=\"6c99a71\" data-element_type=\"widget\" data-widget_type=\"text-editor.default\">\n\t\t\t\t<div class=\"elementor-widget-container\">\n\t\t\t\t\t\t\t\t\t<h3 style=\"text-align: center;\">RENTA DE GENERADOR, PAT\u00cdN HIDR\u00c1ULICO Y BIDONES<\/h3>\t\t\t\t\t\t\t\t<\/div>\n\t\t\t\t<\/div>\n\t\t\t\t<div class=\"elementor-element elementor-element-2af5439 gallery-spacing-custom elementor-widget elementor-widget-image-gallery\" data-id=\"2af5439\" data-element_type=\"widget\" data-widget_type=\"image-gallery.default\">\n\t\t\t\t<div class=\"elementor-widget-container\">\n\t\t\t\t\t\t\t<div class=\"elementor-image-gallery\">\n\t\t\t<div id='gallery-1' class='gallery galleryid-779 gallery-columns-4 gallery-size-medium'><figure class='gallery-item'>\n\t\t\t<div class='gallery-icon landscape'>\n\t\t\t\t<a data-elementor-open-lightbox=\"yes\" data-elementor-lightbox-slideshow=\"2af5439\" data-elementor-lightbox-title=\"4bef93ec-06eb-47d6-8fc8-50e9f0f91566\" data-e-action-hash=\"#elementor-action%3Aaction%3Dlightbox%26settings%3DeyJpZCI6NzgyLCJ1cmwiOiJodHRwczpcL1wvY2FycGFzam9hbC5jb21cL3dwLWNvbnRlbnRcL3VwbG9hZHNcLzIwMjVcLzA0XC80YmVmOTNlYy0wNmViLTQ3ZDYtOGZjOC01MGU5ZjBmOTE1NjYud2VicCIsInNsaWRlc2hvdyI6IjJhZjU0MzkifQ%3D%3D\" href='https:\/\/carpasjoal.com\/wp-content\/uploads\/2025\/04\/4bef93ec-06eb-47d6-8fc8-50e9f0f91566.webp'><img fetchpriority=\"high\" decoding=\"async\" width=\"300\" height=\"300\" src=\"https:\/\/carpasjoal.com\/wp-content\/uploads\/2025\/04\/4bef93ec-06eb-47d6-8fc8-50e9f0f91566-300x300.webp\" class=\"attachment-medium size-medium\" alt=\"\" srcset=\"https:\/\/carpasjoal.com\/wp-content\/uploads\/2025\/04\/4bef93ec-06eb-47d6-8fc8-50e9f0f91566-300x300.webp 300w, https:\/\/carpasjoal.com\/wp-content\/uploads\/2025\/04\/4bef93ec-06eb-47d6-8fc8-50e9f0f91566-150x150.webp 150w, https:\/\/carpasjoal.com\/wp-content\/uploads\/2025\/04\/4bef93ec-06eb-47d6-8fc8-50e9f0f91566-768x768.webp 768w, https:\/\/carpasjoal.com\/wp-content\/uploads\/2025\/04\/4bef93ec-06eb-47d6-8fc8-50e9f0f91566.webp 1000w\" sizes=\"(max-width: 300px) 100vw, 300px\" \/><\/a>\n\t\t\t<\/div><\/figure><figure class='gallery-item'>\n\t\t\t<div class='gallery-icon landscape'>\n\t\t\t\t<a data-elementor-open-lightbox=\"yes\" data-elementor-lightbox-slideshow=\"2af5439\" data-elementor-lightbox-title=\"descarga (1)\" data-e-action-hash=\"#elementor-action%3Aaction%3Dlightbox%26settings%3DeyJpZCI6NzgzLCJ1cmwiOiJodHRwczpcL1wvY2FycGFzam9hbC5jb21cL3dwLWNvbnRlbnRcL3VwbG9hZHNcLzIwMjVcLzA0XC9kZXNjYXJnYS0xLmpwZyIsInNsaWRlc2hvdyI6IjJhZjU0MzkifQ%3D%3D\" href='https:\/\/carpasjoal.com\/wp-content\/uploads\/2025\/04\/descarga-1.jpg'><img decoding=\"async\" width=\"275\" height=\"183\" src=\"https:\/\/carpasjoal.com\/wp-content\/uploads\/2025\/04\/descarga-1.jpg\" class=\"attachment-medium size-medium\" alt=\"\" \/><\/a>\n\t\t\t<\/div><\/figure><figure class='gallery-item'>\n\t\t\t<div class='gallery-icon landscape'>\n\t\t\t\t<a data-elementor-open-lightbox=\"yes\" data-elementor-lightbox-slideshow=\"2af5439\" data-elementor-lightbox-title=\"descarga\" data-e-action-hash=\"#elementor-action%3Aaction%3Dlightbox%26settings%3DeyJpZCI6Nzg0LCJ1cmwiOiJodHRwczpcL1wvY2FycGFzam9hbC5jb21cL3dwLWNvbnRlbnRcL3VwbG9hZHNcLzIwMjVcLzA0XC9kZXNjYXJnYS5qcGciLCJzbGlkZXNob3ciOiIyYWY1NDM5In0%3D\" href='https:\/\/carpasjoal.com\/wp-content\/uploads\/2025\/04\/descarga.jpg'><img decoding=\"async\" width=\"300\" height=\"168\" src=\"https:\/\/carpasjoal.com\/wp-content\/uploads\/2025\/04\/descarga.jpg\" class=\"attachment-medium size-medium\" alt=\"\" \/><\/a>\n\t\t\t<\/div><\/figure><figure class='gallery-item'>\n\t\t\t<div class='gallery-icon landscape'>\n\t\t\t\t<a data-elementor-open-lightbox=\"yes\" data-elementor-lightbox-slideshow=\"2af5439\" data-elementor-lightbox-title=\"GENERAC-459cc-Gasoline-EFI-G19-Portable-Generator-Featured-Image\" data-e-action-hash=\"#elementor-action%3Aaction%3Dlightbox%26settings%3DeyJpZCI6Nzg1LCJ1cmwiOiJodHRwczpcL1wvY2FycGFzam9hbC5jb21cL3dwLWNvbnRlbnRcL3VwbG9hZHNcLzIwMjVcLzA0XC9HRU5FUkFDLTQ1OWNjLUdhc29saW5lLUVGSS1HMTktUG9ydGFibGUtR2VuZXJhdG9yLUZlYXR1cmVkLUltYWdlLWUxNzQzNjI4MDI3ODg5LndlYnAiLCJzbGlkZXNob3ciOiIyYWY1NDM5In0%3D\" href='https:\/\/carpasjoal.com\/wp-content\/uploads\/2025\/04\/GENERAC-459cc-Gasoline-EFI-G19-Portable-Generator-Featured-Image-e1743628027889.webp'><img loading=\"lazy\" decoding=\"async\" width=\"300\" height=\"225\" src=\"https:\/\/carpasjoal.com\/wp-content\/uploads\/2025\/04\/GENERAC-459cc-Gasoline-EFI-G19-Portable-Generator-Featured-Image-e1743628027889-300x225.webp\" class=\"attachment-medium size-medium\" alt=\"\" srcset=\"https:\/\/carpasjoal.com\/wp-content\/uploads\/2025\/04\/GENERAC-459cc-Gasoline-EFI-G19-Portable-Generator-Featured-Image-e1743628027889-300x225.webp 300w, https:\/\/carpasjoal.com\/wp-content\/uploads\/2025\/04\/GENERAC-459cc-Gasoline-EFI-G19-Portable-Generator-Featured-Image-e1743628027889.webp 302w\" sizes=\"(max-width: 300px) 100vw, 300px\" \/><\/a>\n\t\t\t<\/div><\/figure><figure class='gallery-item'>\n\t\t\t<div class='gallery-icon landscape'>\n\t\t\t\t<a data-elementor-open-lightbox=\"yes\" data-elementor-lightbox-slideshow=\"2af5439\" data-elementor-lightbox-title=\"images (1)\" data-e-action-hash=\"#elementor-action%3Aaction%3Dlightbox%26settings%3DeyJpZCI6Nzg2LCJ1cmwiOiJodHRwczpcL1wvY2FycGFzam9hbC5jb21cL3dwLWNvbnRlbnRcL3VwbG9hZHNcLzIwMjVcLzA0XC9pbWFnZXMtMS5qcGciLCJzbGlkZXNob3ciOiIyYWY1NDM5In0%3D\" href='https:\/\/carpasjoal.com\/wp-content\/uploads\/2025\/04\/images-1.jpg'><img loading=\"lazy\" decoding=\"async\" width=\"259\" height=\"194\" src=\"https:\/\/carpasjoal.com\/wp-content\/uploads\/2025\/04\/images-1.jpg\" class=\"attachment-medium size-medium\" alt=\"\" \/><\/a>\n\t\t\t<\/div><\/figure><figure class='gallery-item'>\n\t\t\t<div class='gallery-icon landscape'>\n\t\t\t\t<a data-elementor-open-lightbox=\"yes\" data-elementor-lightbox-slideshow=\"2af5439\" data-elementor-lightbox-title=\"images\" data-e-action-hash=\"#elementor-action%3Aaction%3Dlightbox%26settings%3DeyJpZCI6Nzg3LCJ1cmwiOiJodHRwczpcL1wvY2FycGFzam9hbC5jb21cL3dwLWNvbnRlbnRcL3VwbG9hZHNcLzIwMjVcLzA0XC9pbWFnZXMtZTE3NDM2Mjc4Nzc4MzAuanBnIiwic2xpZGVzaG93IjoiMmFmNTQzOSJ9\" href='https:\/\/carpasjoal.com\/wp-content\/uploads\/2025\/04\/images-e1743627877830.jpg'><img loading=\"lazy\" decoding=\"async\" width=\"183\" height=\"150\" src=\"https:\/\/carpasjoal.com\/wp-content\/uploads\/2025\/04\/images-e1743627877830.jpg\" class=\"attachment-medium size-medium\" alt=\"\" \/><\/a>\n\t\t\t<\/div><\/figure><figure class='gallery-item'>\n\t\t\t<div class='gallery-icon landscape'>\n\t\t\t\t<a data-elementor-open-lightbox=\"yes\" data-elementor-lightbox-slideshow=\"2af5439\" data-elementor-lightbox-title=\"WhatsApp Image 2025-04-01 at 4.06.55 PM (1)\" data-e-action-hash=\"#elementor-action%3Aaction%3Dlightbox%26settings%3DeyJpZCI6Nzg4LCJ1cmwiOiJodHRwczpcL1wvY2FycGFzam9hbC5jb21cL3dwLWNvbnRlbnRcL3VwbG9hZHNcLzIwMjVcLzA0XC9XaGF0c0FwcC1JbWFnZS0yMDI1LTA0LTAxLWF0LTQuMDYuNTUtUE0tMS1lMTc0MzYyNzkwNDU3NC5qcGVnIiwic2xpZGVzaG93IjoiMmFmNTQzOSJ9\" href='https:\/\/carpasjoal.com\/wp-content\/uploads\/2025\/04\/WhatsApp-Image-2025-04-01-at-4.06.55-PM-1-e1743627904574.jpeg'><img loading=\"lazy\" decoding=\"async\" width=\"300\" height=\"267\" src=\"https:\/\/carpasjoal.com\/wp-content\/uploads\/2025\/04\/WhatsApp-Image-2025-04-01-at-4.06.55-PM-1-e1743627904574-300x267.jpeg\" class=\"attachment-medium size-medium\" alt=\"\" srcset=\"https:\/\/carpasjoal.com\/wp-content\/uploads\/2025\/04\/WhatsApp-Image-2025-04-01-at-4.06.55-PM-1-e1743627904574-300x267.jpeg 300w, https:\/\/carpasjoal.com\/wp-content\/uploads\/2025\/04\/WhatsApp-Image-2025-04-01-at-4.06.55-PM-1-e1743627904574-768x684.jpeg 768w, https:\/\/carpasjoal.com\/wp-content\/uploads\/2025\/04\/WhatsApp-Image-2025-04-01-at-4.06.55-PM-1-e1743627904574.jpeg 898w\" sizes=\"(max-width: 300px) 100vw, 300px\" \/><\/a>\n\t\t\t<\/div><\/figure><figure class='gallery-item'>\n\t\t\t<div class='gallery-icon landscape'>\n\t\t\t\t<a data-elementor-open-lightbox=\"yes\" data-elementor-lightbox-slideshow=\"2af5439\" data-elementor-lightbox-title=\"WhatsApp Image 2025-04-01 at 4.06.55 PM\" data-e-action-hash=\"#elementor-action%3Aaction%3Dlightbox%26settings%3DeyJpZCI6Nzg5LCJ1cmwiOiJodHRwczpcL1wvY2FycGFzam9hbC5jb21cL3dwLWNvbnRlbnRcL3VwbG9hZHNcLzIwMjVcLzA0XC9XaGF0c0FwcC1JbWFnZS0yMDI1LTA0LTAxLWF0LTQuMDYuNTUtUE0tZTE3NDM2Mjc5MzQ1NzcuanBlZyIsInNsaWRlc2hvdyI6IjJhZjU0MzkifQ%3D%3D\" href='https:\/\/carpasjoal.com\/wp-content\/uploads\/2025\/04\/WhatsApp-Image-2025-04-01-at-4.06.55-PM-e1743627934577.jpeg'><img loading=\"lazy\" decoding=\"async\" width=\"300\" height=\"240\" src=\"https:\/\/carpasjoal.com\/wp-content\/uploads\/2025\/04\/WhatsApp-Image-2025-04-01-at-4.06.55-PM-e1743627934577-300x240.jpeg\" class=\"attachment-medium size-medium\" alt=\"\" srcset=\"https:\/\/carpasjoal.com\/wp-content\/uploads\/2025\/04\/WhatsApp-Image-2025-04-01-at-4.06.55-PM-e1743627934577-300x240.jpeg 300w, https:\/\/carpasjoal.com\/wp-content\/uploads\/2025\/04\/WhatsApp-Image-2025-04-01-at-4.06.55-PM-e1743627934577-768x613.jpeg 768w, https:\/\/carpasjoal.com\/wp-content\/uploads\/2025\/04\/WhatsApp-Image-2025-04-01-at-4.06.55-PM-e1743627934577.jpeg 898w\" sizes=\"(max-width: 300px) 100vw, 300px\" \/><\/a>\n\t\t\t<\/div><\/figure><figure class='gallery-item'>\n\t\t\t<div class='gallery-icon landscape'>\n\t\t\t\t<a data-elementor-open-lightbox=\"yes\" data-elementor-lightbox-slideshow=\"2af5439\" data-elementor-lightbox-title=\"WhatsApp Image 2025-04-01 at 4.06.56 PM (1)\" data-e-action-hash=\"#elementor-action%3Aaction%3Dlightbox%26settings%3DeyJpZCI6NzkwLCJ1cmwiOiJodHRwczpcL1wvY2FycGFzam9hbC5jb21cL3dwLWNvbnRlbnRcL3VwbG9hZHNcLzIwMjVcLzA0XC9XaGF0c0FwcC1JbWFnZS0yMDI1LTA0LTAxLWF0LTQuMDYuNTYtUE0tMS1lMTc0MzYyNzk2ODc4OC5qcGVnIiwic2xpZGVzaG93IjoiMmFmNTQzOSJ9\" href='https:\/\/carpasjoal.com\/wp-content\/uploads\/2025\/04\/WhatsApp-Image-2025-04-01-at-4.06.56-PM-1-e1743627968788.jpeg'><img loading=\"lazy\" decoding=\"async\" width=\"300\" height=\"250\" src=\"https:\/\/carpasjoal.com\/wp-content\/uploads\/2025\/04\/WhatsApp-Image-2025-04-01-at-4.06.56-PM-1-e1743627968788-300x250.jpeg\" class=\"attachment-medium size-medium\" alt=\"\" srcset=\"https:\/\/carpasjoal.com\/wp-content\/uploads\/2025\/04\/WhatsApp-Image-2025-04-01-at-4.06.56-PM-1-e1743627968788-300x250.jpeg 300w, https:\/\/carpasjoal.com\/wp-content\/uploads\/2025\/04\/WhatsApp-Image-2025-04-01-at-4.06.56-PM-1-e1743627968788-1024x853.jpeg 1024w, https:\/\/carpasjoal.com\/wp-content\/uploads\/2025\/04\/WhatsApp-Image-2025-04-01-at-4.06.56-PM-1-e1743627968788-768x640.jpeg 768w, https:\/\/carpasjoal.com\/wp-content\/uploads\/2025\/04\/WhatsApp-Image-2025-04-01-at-4.06.56-PM-1-e1743627968788.jpeg 1200w\" sizes=\"(max-width: 300px) 100vw, 300px\" \/><\/a>\n\t\t\t<\/div><\/figure><figure class='gallery-item'>\n\t\t\t<div class='gallery-icon landscape'>\n\t\t\t\t<a data-elementor-open-lightbox=\"yes\" data-elementor-lightbox-slideshow=\"2af5439\" data-elementor-lightbox-title=\"WhatsApp Image 2025-04-01 at 4.06.56 PM\" data-e-action-hash=\"#elementor-action%3Aaction%3Dlightbox%26settings%3DeyJpZCI6NzkxLCJ1cmwiOiJodHRwczpcL1wvY2FycGFzam9hbC5jb21cL3dwLWNvbnRlbnRcL3VwbG9hZHNcLzIwMjVcLzA0XC9XaGF0c0FwcC1JbWFnZS0yMDI1LTA0LTAxLWF0LTQuMDYuNTYtUE0uanBlZyIsInNsaWRlc2hvdyI6IjJhZjU0MzkifQ%3D%3D\" href='https:\/\/carpasjoal.com\/wp-content\/uploads\/2025\/04\/WhatsApp-Image-2025-04-01-at-4.06.56-PM.jpeg'><img loading=\"lazy\" decoding=\"async\" width=\"300\" height=\"225\" src=\"https:\/\/carpasjoal.com\/wp-content\/uploads\/2025\/04\/WhatsApp-Image-2025-04-01-at-4.06.56-PM-300x225.jpeg\" class=\"attachment-medium size-medium\" alt=\"\" srcset=\"https:\/\/carpasjoal.com\/wp-content\/uploads\/2025\/04\/WhatsApp-Image-2025-04-01-at-4.06.56-PM-300x225.jpeg 300w, https:\/\/carpasjoal.com\/wp-content\/uploads\/2025\/04\/WhatsApp-Image-2025-04-01-at-4.06.56-PM-1024x768.jpeg 1024w, https:\/\/carpasjoal.com\/wp-content\/uploads\/2025\/04\/WhatsApp-Image-2025-04-01-at-4.06.56-PM-768x576.jpeg 768w, https:\/\/carpasjoal.com\/wp-content\/uploads\/2025\/04\/WhatsApp-Image-2025-04-01-at-4.06.56-PM-1536x1152.jpeg 1536w, https:\/\/carpasjoal.com\/wp-content\/uploads\/2025\/04\/WhatsApp-Image-2025-04-01-at-4.06.56-PM.jpeg 1600w\" sizes=\"(max-width: 300px) 100vw, 300px\" \/><\/a>\n\t\t\t<\/div><\/figure><figure class='gallery-item'>\n\t\t\t<div class='gallery-icon landscape'>\n\t\t\t\t<a data-elementor-open-lightbox=\"yes\" data-elementor-lightbox-slideshow=\"2af5439\" data-elementor-lightbox-title=\"WhatsApp Image 2025-04-01 at 4.06.57 PM\" data-e-action-hash=\"#elementor-action%3Aaction%3Dlightbox%26settings%3DeyJpZCI6NzkyLCJ1cmwiOiJodHRwczpcL1wvY2FycGFzam9hbC5jb21cL3dwLWNvbnRlbnRcL3VwbG9hZHNcLzIwMjVcLzA0XC9XaGF0c0FwcC1JbWFnZS0yMDI1LTA0LTAxLWF0LTQuMDYuNTctUE0tZTE3NDM2MjgwMDA2OTAuanBlZyIsInNsaWRlc2hvdyI6IjJhZjU0MzkifQ%3D%3D\" href='https:\/\/carpasjoal.com\/wp-content\/uploads\/2025\/04\/WhatsApp-Image-2025-04-01-at-4.06.57-PM-e1743628000690.jpeg'><img loading=\"lazy\" decoding=\"async\" width=\"300\" height=\"258\" src=\"https:\/\/carpasjoal.com\/wp-content\/uploads\/2025\/04\/WhatsApp-Image-2025-04-01-at-4.06.57-PM-e1743628000690-300x258.jpeg\" class=\"attachment-medium size-medium\" alt=\"\" srcset=\"https:\/\/carpasjoal.com\/wp-content\/uploads\/2025\/04\/WhatsApp-Image-2025-04-01-at-4.06.57-PM-e1743628000690-300x258.jpeg 300w, https:\/\/carpasjoal.com\/wp-content\/uploads\/2025\/04\/WhatsApp-Image-2025-04-01-at-4.06.57-PM-e1743628000690-1024x879.jpeg 1024w, https:\/\/carpasjoal.com\/wp-content\/uploads\/2025\/04\/WhatsApp-Image-2025-04-01-at-4.06.57-PM-e1743628000690-768x659.jpeg 768w, https:\/\/carpasjoal.com\/wp-content\/uploads\/2025\/04\/WhatsApp-Image-2025-04-01-at-4.06.57-PM-e1743628000690.jpeg 1200w\" sizes=\"(max-width: 300px) 100vw, 300px\" \/><\/a>\n\t\t\t<\/div><\/figure>\n\t\t<\/div>\n\t\t<\/div>\n\t\t\t\t\t\t<\/div>\n\t\t\t\t<\/div>\n\t\t\t\t\t<\/div>\n\t\t\t\t<\/div>\n\t\t\t\t<\/div>\n\t\t","protected":false},"excerpt":{"rendered":"<p>RENTA DE GENERADOR, PAT\u00cdN HIDR\u00c1ULICO Y BIDONES<\/p>\n","protected":false},"author":1,"featured_media":0,"parent":0,"menu_order":0,"comment_status":"closed","ping_status":"closed","template":"","meta":{"site-sidebar-layout":"no-sidebar","site-content-layout":"","ast-site-content-layout":"full-width-container","site-content-style":"default","site-sidebar-style":"default","ast-global-header-display":"","ast-banner-title-visibility":"","ast-main-header-display":"","ast-hfb-above-header-display":"","ast-hfb-below-header-display":"","ast-hfb-mobile-header-display":"","site-post-title":"disabled","ast-breadcrumbs-content":"","ast-featured-img":"disabled","footer-sml-layout":"","theme-transparent-header-meta":"default","adv-header-id-meta":"","stick-header-meta":"","header-above-stick-meta":"","header-main-stick-meta":"","header-below-stick-meta":"","astra-migrate-meta-layouts":"set","ast-page-background-enabled":"default","ast-page-background-meta":{"desktop":{"background-color":"var(--ast-global-color-5)","background-image":"","background-repeat":"repeat","background-position":"center center","background-size":"auto","background-attachment":"scroll","background-type":"","background-media":"","overlay-type":"","overlay-color":"","overlay-opacity":"","overlay-gradient":""},"tablet":{"background-color":"","background-image":"","background-repeat":"repeat","background-position":"center center","background-size":"auto","background-attachment":"scroll","background-type":"","background-media":"","overlay-type":"","overlay-color":"","overlay-opacity":"","overlay-gradient":""},"mobile":{"background-color":"","background-image":"","background-repeat":"repeat","background-position":"center center","background-size":"auto","background-attachment":"scroll","background-type":"","background-media":"","overlay-type":"","overlay-color":"","overlay-opacity":"","overlay-gradient":""}},"ast-content-background-meta":{"desktop":{"background-color":"var(--ast-global-color-4)","background-image":"","background-repeat":"repeat","background-position":"center center","background-size":"auto","background-attachment":"scroll","background-type":"","background-media":"","overlay-type":"","overlay-color":"","overlay-opacity":"","overlay-gradient":""},"tablet":{"background-color":"var(--ast-global-color-4)","background-image":"","background-repeat":"repeat","background-position":"center center","background-size":"auto","background-attachment":"scroll","background-type":"","background-media":"","overlay-type":"","overlay-color":"","overlay-opacity":"","overlay-gradient":""},"mobile":{"background-color":"var(--ast-global-color-4)","background-image":"","background-repeat":"repeat","background-position":"center center","background-size":"auto","background-attachment":"scroll","background-type":"","background-media":"","overlay-type":"","overlay-color":"","overlay-opacity":"","overlay-gradient":""}},"footnotes":""},"class_list":["post-779","page","type-page","status-publish","hentry"],"yoast_head":"<!-- This site is optimized with the Yoast SEO plugin v24.7 - https:\/\/yoast.com\/wordpress\/plugins\/seo\/ -->\n<title>RENTA DE GENERADOR, PAT\u00cdN HIDR\u00c1ULICO Y BIDONES - Carpas Joal<\/title>\n<meta name=\"robots\" content=\"index, follow, max-snippet:-1, max-image-preview:large, max-video-preview:-1\" \/>\n<link rel=\"canonical\" href=\"https:\/\/carpasjoal.com\/index.php\/renta-de-generador-patin-hidraulico-y-bidones\/\" \/>\n<meta property=\"og:locale\" content=\"es_ES\" \/>\n<meta property=\"og:type\" content=\"article\" \/>\n<meta property=\"og:title\" content=\"RENTA DE GENERADOR, PAT\u00cdN HIDR\u00c1ULICO Y BIDONES - Carpas Joal\" \/>\n<meta property=\"og:description\" content=\"RENTA DE GENERADOR, PAT\u00cdN HIDR\u00c1ULICO Y BIDONES\" \/>\n<meta property=\"og:url\" content=\"https:\/\/carpasjoal.com\/index.php\/renta-de-generador-patin-hidraulico-y-bidones\/\" \/>\n<meta property=\"og:site_name\" content=\"Carpas Joal\" \/>\n<meta property=\"article:modified_time\" content=\"2025-04-02T21:07:23+00:00\" \/>\n<meta property=\"og:image\" content=\"https:\/\/carpasjoal.com\/wp-content\/uploads\/2025\/04\/4bef93ec-06eb-47d6-8fc8-50e9f0f91566-300x300.webp\" \/>\n<meta name=\"twitter:card\" content=\"summary_large_image\" \/>\n<meta name=\"twitter:label1\" content=\"Tiempo de lectura\" \/>\n\t<meta name=\"twitter:data1\" content=\"3 minutos\" \/>\n<script type=\"application\/ld+json\" class=\"yoast-schema-graph\">{\"@context\":\"https:\/\/schema.org\",\"@graph\":[{\"@type\":\"WebPage\",\"@id\":\"https:\/\/carpasjoal.com\/index.php\/renta-de-generador-patin-hidraulico-y-bidones\/\",\"url\":\"https:\/\/carpasjoal.com\/index.php\/renta-de-generador-patin-hidraulico-y-bidones\/\",\"name\":\"RENTA DE GENERADOR, PAT\u00cdN HIDR\u00c1ULICO Y BIDONES - Carpas Joal\",\"isPartOf\":{\"@id\":\"https:\/\/carpasjoal.com\/#website\"},\"primaryImageOfPage\":{\"@id\":\"https:\/\/carpasjoal.com\/index.php\/renta-de-generador-patin-hidraulico-y-bidones\/#primaryimage\"},\"image\":{\"@id\":\"https:\/\/carpasjoal.com\/index.php\/renta-de-generador-patin-hidraulico-y-bidones\/#primaryimage\"},\"thumbnailUrl\":\"https:\/\/carpasjoal.com\/wp-content\/uploads\/2025\/04\/4bef93ec-06eb-47d6-8fc8-50e9f0f91566-300x300.webp\",\"datePublished\":\"2025-04-02T20:54:10+00:00\",\"dateModified\":\"2025-04-02T21:07:23+00:00\",\"breadcrumb\":{\"@id\":\"https:\/\/carpasjoal.com\/index.php\/renta-de-generador-patin-hidraulico-y-bidones\/#breadcrumb\"},\"inLanguage\":\"es\",\"potentialAction\":[{\"@type\":\"ReadAction\",\"target\":[\"https:\/\/carpasjoal.com\/index.php\/renta-de-generador-patin-hidraulico-y-bidones\/\"]}]},{\"@type\":\"ImageObject\",\"inLanguage\":\"es\",\"@id\":\"https:\/\/carpasjoal.com\/index.php\/renta-de-generador-patin-hidraulico-y-bidones\/#primaryimage\",\"url\":\"https:\/\/carpasjoal.com\/wp-content\/uploads\/2025\/04\/4bef93ec-06eb-47d6-8fc8-50e9f0f91566-300x300.webp\",\"contentUrl\":\"https:\/\/carpasjoal.com\/wp-content\/uploads\/2025\/04\/4bef93ec-06eb-47d6-8fc8-50e9f0f91566-300x300.webp\"},{\"@type\":\"BreadcrumbList\",\"@id\":\"https:\/\/carpasjoal.com\/index.php\/renta-de-generador-patin-hidraulico-y-bidones\/#breadcrumb\",\"itemListElement\":[{\"@type\":\"ListItem\",\"position\":1,\"name\":\"Portada\",\"item\":\"https:\/\/carpasjoal.com\/\"},{\"@type\":\"ListItem\",\"position\":2,\"name\":\"RENTA DE GENERADOR, PAT\u00cdN HIDR\u00c1ULICO Y BIDONES\"}]},{\"@type\":\"WebSite\",\"@id\":\"https:\/\/carpasjoal.com\/#website\",\"url\":\"https:\/\/carpasjoal.com\/\",\"name\":\"Carpas Joal\",\"description\":\"Venta y Renta de carpas estructurales, carpas tipo harem, carpas tipo Par\u00eds, tarimas, templetes y m\u00e1s.\",\"publisher\":{\"@id\":\"https:\/\/carpasjoal.com\/#organization\"},\"potentialAction\":[{\"@type\":\"SearchAction\",\"target\":{\"@type\":\"EntryPoint\",\"urlTemplate\":\"https:\/\/carpasjoal.com\/?s={search_term_string}\"},\"query-input\":{\"@type\":\"PropertyValueSpecification\",\"valueRequired\":true,\"valueName\":\"search_term_string\"}}],\"inLanguage\":\"es\"},{\"@type\":\"Organization\",\"@id\":\"https:\/\/carpasjoal.com\/#organization\",\"name\":\"Carpas Joal\",\"url\":\"https:\/\/carpasjoal.com\/\",\"logo\":{\"@type\":\"ImageObject\",\"inLanguage\":\"es\",\"@id\":\"https:\/\/carpasjoal.com\/#\/schema\/logo\/image\/\",\"url\":\"https:\/\/carpasjoal.com\/wp-content\/uploads\/2025\/03\/cropped-Carpas-Joal-logoweb-1.png\",\"contentUrl\":\"https:\/\/carpasjoal.com\/wp-content\/uploads\/2025\/03\/cropped-Carpas-Joal-logoweb-1.png\",\"width\":242,\"height\":100,\"caption\":\"Carpas Joal\"},\"image\":{\"@id\":\"https:\/\/carpasjoal.com\/#\/schema\/logo\/image\/\"}}]}<\/script>\n<!-- \/ Yoast SEO plugin. -->","yoast_head_json":{"title":"RENTA DE GENERADOR, PAT\u00cdN HIDR\u00c1ULICO Y BIDONES - Carpas Joal","robots":{"index":"index","follow":"follow","max-snippet":"max-snippet:-1","max-image-preview":"max-image-preview:large","max-video-preview":"max-video-preview:-1"},"canonical":"https:\/\/carpasjoal.com\/index.php\/renta-de-generador-patin-hidraulico-y-bidones\/","og_locale":"es_ES","og_type":"article","og_title":"RENTA DE GENERADOR, PAT\u00cdN HIDR\u00c1ULICO Y BIDONES - Carpas Joal","og_description":"RENTA DE GENERADOR, PAT\u00cdN HIDR\u00c1ULICO Y BIDONES","og_url":"https:\/\/carpasjoal.com\/index.php\/renta-de-generador-patin-hidraulico-y-bidones\/","og_site_name":"Carpas Joal","article_modified_time":"2025-04-02T21:07:23+00:00","og_image":[{"url":"https:\/\/carpasjoal.com\/wp-content\/uploads\/2025\/04\/4bef93ec-06eb-47d6-8fc8-50e9f0f91566-300x300.webp","type":"","width":"","height":""}],"twitter_card":"summary_large_image","twitter_misc":{"Tiempo de lectura":"3 minutos"},"schema":{"@context":"https:\/\/schema.org","@graph":[{"@type":"WebPage","@id":"https:\/\/carpasjoal.com\/index.php\/renta-de-generador-patin-hidraulico-y-bidones\/","url":"https:\/\/carpasjoal.com\/index.php\/renta-de-generador-patin-hidraulico-y-bidones\/","name":"RENTA DE GENERADOR, PAT\u00cdN HIDR\u00c1ULICO Y BIDONES - Carpas Joal","isPartOf":{"@id":"https:\/\/carpasjoal.com\/#website"},"primaryImageOfPage":{"@id":"https:\/\/carpasjoal.com\/index.php\/renta-de-generador-patin-hidraulico-y-bidones\/#primaryimage"},"image":{"@id":"https:\/\/carpasjoal.com\/index.php\/renta-de-generador-patin-hidraulico-y-bidones\/#primaryimage"},"thumbnailUrl":"https:\/\/carpasjoal.com\/wp-content\/uploads\/2025\/04\/4bef93ec-06eb-47d6-8fc8-50e9f0f91566-300x300.webp","datePublished":"2025-04-02T20:54:10+00:00","dateModified":"2025-04-02T21:07:23+00:00","breadcrumb":{"@id":"https:\/\/carpasjoal.com\/index.php\/renta-de-generador-patin-hidraulico-y-bidones\/#breadcrumb"},"inLanguage":"es","potentialAction":[{"@type":"ReadAction","target":["https:\/\/carpasjoal.com\/index.php\/renta-de-generador-patin-hidraulico-y-bidones\/"]}]},{"@type":"ImageObject","inLanguage":"es","@id":"https:\/\/carpasjoal.com\/index.php\/renta-de-generador-patin-hidraulico-y-bidones\/#primaryimage","url":"https:\/\/carpasjoal.com\/wp-content\/uploads\/2025\/04\/4bef93ec-06eb-47d6-8fc8-50e9f0f91566-300x300.webp","contentUrl":"https:\/\/carpasjoal.com\/wp-content\/uploads\/2025\/04\/4bef93ec-06eb-47d6-8fc8-50e9f0f91566-300x300.webp"},{"@type":"BreadcrumbList","@id":"https:\/\/carpasjoal.com\/index.php\/renta-de-generador-patin-hidraulico-y-bidones\/#breadcrumb","itemListElement":[{"@type":"ListItem","position":1,"name":"Portada","item":"https:\/\/carpasjoal.com\/"},{"@type":"ListItem","position":2,"name":"RENTA DE GENERADOR, PAT\u00cdN HIDR\u00c1ULICO Y BIDONES"}]},{"@type":"WebSite","@id":"https:\/\/carpasjoal.com\/#website","url":"https:\/\/carpasjoal.com\/","name":"Carpas Joal","description":"Venta y Renta de carpas estructurales, carpas tipo harem, carpas tipo Par\u00eds, tarimas, templetes y m\u00e1s.","publisher":{"@id":"https:\/\/carpasjoal.com\/#organization"},"potentialAction":[{"@type":"SearchAction","target":{"@type":"EntryPoint","urlTemplate":"https:\/\/carpasjoal.com\/?s={search_term_string}"},"query-input":{"@type":"PropertyValueSpecification","valueRequired":true,"valueName":"search_term_string"}}],"inLanguage":"es"},{"@type":"Organization","@id":"https:\/\/carpasjoal.com\/#organization","name":"Carpas Joal","url":"https:\/\/carpasjoal.com\/","logo":{"@type":"ImageObject","inLanguage":"es","@id":"https:\/\/carpasjoal.com\/#\/schema\/logo\/image\/","url":"https:\/\/carpasjoal.com\/wp-content\/uploads\/2025\/03\/cropped-Carpas-Joal-logoweb-1.png","contentUrl":"https:\/\/carpasjoal.com\/wp-content\/uploads\/2025\/03\/cropped-Carpas-Joal-logoweb-1.png","width":242,"height":100,"caption":"Carpas Joal"},"image":{"@id":"https:\/\/carpasjoal.com\/#\/schema\/logo\/image\/"}}]}},"_links":{"self":[{"href":"https:\/\/carpasjoal.com\/index.php\/wp-json\/wp\/v2\/pages\/779","targetHints":{"allow":["GET"]}}],"collection":[{"href":"https:\/\/carpasjoal.com\/index.php\/wp-json\/wp\/v2\/pages"}],"about":[{"href":"https:\/\/carpasjoal.com\/index.php\/wp-json\/wp\/v2\/types\/page"}],"author":[{"embeddable":true,"href":"https:\/\/carpasjoal.com\/index.php\/wp-json\/wp\/v2\/users\/1"}],"replies":[{"embeddable":true,"href":"https:\/\/carpasjoal.com\/index.php\/wp-json\/wp\/v2\/comments?post=779"}],"version-history":[{"count":7,"href":"https:\/\/carpasjoal.com\/index.php\/wp-json\/wp\/v2\/pages\/779\/revisions"}],"predecessor-version":[{"id":798,"href":"https:\/\/carpasjoal.com\/index.php\/wp-json\/wp\/v2\/pages\/779\/revisions\/798"}],"wp:attachment":[{"href":"https:\/\/carpasjoal.com\/index.php\/wp-json\/wp\/v2\/media?parent=779"}],"curies":[{"name":"wp","href":"https:\/\/api.w.org\/{rel}","templated":true}]}}