{"id":306,"date":"2025-03-07T10:05:29","date_gmt":"2025-03-07T10:05:29","guid":{"rendered":"https:\/\/carpasjoal.com\/?page_id=306"},"modified":"2025-03-07T11:11:30","modified_gmt":"2025-03-07T11:11:30","slug":"nosotros","status":"publish","type":"page","link":"https:\/\/carpasjoal.com\/index.php\/nosotros\/","title":{"rendered":"NOSOTROS"},"content":{"rendered":"\t\t<div data-elementor-type=\"wp-page\" data-elementor-id=\"306\" class=\"elementor elementor-306\">\n\t\t\t\t<div class=\"elementor-element elementor-element-f51a493 e-flex e-con-boxed e-con e-parent\" data-id=\"f51a493\" data-element_type=\"container\">\n\t\t\t\t\t<div class=\"e-con-inner\">\n\t\t<div class=\"elementor-element elementor-element-4337ad2 e-con-full e-flex e-con e-child\" data-id=\"4337ad2\" data-element_type=\"container\">\n\t\t\t\t<div class=\"elementor-element elementor-element-3f736d5 elementor-widget elementor-widget-text-editor\" data-id=\"3f736d5\" data-element_type=\"widget\" data-widget_type=\"text-editor.default\">\n\t\t\t\t<div class=\"elementor-widget-container\">\n\t\t\t\t\t\t\t\t\t<h2>NOSOTROS<\/h2><p style=\"text-align: justify;\">En Carpas Joal, nuestra misi\u00f3n es brindar a nuestros clientes espacios adaptables, c\u00f3modos y seguros para la realizaci\u00f3n de sus eventos. Sabemos que cada ocasi\u00f3n es \u00fanica y especial, por lo que nos enfocamos en proporcionar estructuras innovadoras y resistentes que se ajusten a las necesidades espec\u00edficas de cada evento, ya sea social, empresarial, deportivo o cultural.<br \/><br \/>Adem\u00e1s, ofrecemos asesor\u00eda personalizada para la elecci\u00f3n del tipo de estructura m\u00e1s adecuada, asegurando que cada cliente obtenga la mejor soluci\u00f3n para su evento.<\/p>\t\t\t\t\t\t\t\t<\/div>\n\t\t\t\t<\/div>\n\t\t\t\t<\/div>\n\t\t<div class=\"elementor-element elementor-element-ff54409 e-con-full e-flex e-con e-child\" data-id=\"ff54409\" data-element_type=\"container\">\n\t\t\t\t<div class=\"elementor-element elementor-element-0a6041a animated-slow elementor-invisible elementor-widget elementor-widget-image\" data-id=\"0a6041a\" data-element_type=\"widget\" data-settings=\"{&quot;_animation&quot;:&quot;zoomIn&quot;}\" data-widget_type=\"image.default\">\n\t\t\t\t<div class=\"elementor-widget-container\">\n\t\t\t\t\t\t\t\t\t\t\t\t\t\t\t<img fetchpriority=\"high\" decoding=\"async\" width=\"550\" height=\"350\" src=\"https:\/\/carpasjoal.com\/wp-content\/uploads\/2025\/03\/img-nosotros1.jpg\" class=\"attachment-large size-large wp-image-322\" alt=\"\" srcset=\"https:\/\/carpasjoal.com\/wp-content\/uploads\/2025\/03\/img-nosotros1.jpg 550w, https:\/\/carpasjoal.com\/wp-content\/uploads\/2025\/03\/img-nosotros1-300x191.jpg 300w\" sizes=\"(max-width: 550px) 100vw, 550px\" \/>\t\t\t\t\t\t\t\t\t\t\t\t\t\t\t<\/div>\n\t\t\t\t<\/div>\n\t\t\t\t<\/div>\n\t\t\t\t\t<\/div>\n\t\t\t\t<\/div>\n\t\t<div class=\"elementor-element elementor-element-49f63d8 e-flex e-con-boxed e-con e-parent\" data-id=\"49f63d8\" data-element_type=\"container\">\n\t\t\t\t\t<div class=\"e-con-inner\">\n\t\t\t\t<div class=\"elementor-element elementor-element-81db360 elementor-widget elementor-widget-image\" data-id=\"81db360\" data-element_type=\"widget\" data-widget_type=\"image.default\">\n\t\t\t\t<div class=\"elementor-widget-container\">\n\t\t\t\t\t\t\t\t\t\t\t\t\t\t\t<img decoding=\"async\" src=\"https:\/\/carpasjoal.com\/wp-content\/uploads\/elementor\/thumbs\/Carpas-Joal-logo-white-r2i8ypli5n6kesutg0vuy7xb4a1fdkagr9f93cw414.png\" title=\"Carpas-Joal-logo-white\" alt=\"Carpas-Joal-logo-white\" loading=\"lazy\" \/>\t\t\t\t\t\t\t\t\t\t\t\t\t\t\t<\/div>\n\t\t\t\t<\/div>\n\t\t\t\t<div class=\"elementor-element elementor-element-9759921 elementor-widget elementor-widget-text-editor\" data-id=\"9759921\" data-element_type=\"widget\" data-widget_type=\"text-editor.default\">\n\t\t\t\t<div class=\"elementor-widget-container\">\n\t\t\t\t\t\t\t\t\t<h4 style=\"text-align: center;\" data-pm-slice=\"1 1 []\"><span style=\"color: #ffffff;\">Nuestra trayectoria en el sector nos ha permitido consolidarnos como una empresa de confianza, brindando soluciones a clientes particulares, corporativos e institucionales. Nos enorgullece haber formado parte de innumerables eventos, siempre con el compromiso de superar las expectativas de quienes conf\u00edan en nosotros.<\/span><\/h4><h4 style=\"text-align: center;\" data-pm-slice=\"1 1 []\"><span style=\"color: #ffffff;\">En Carpas Joal, estamos listos para ayudarte a crear el espacio perfecto para tu evento. Cont\u00e1ctanos y descubre c\u00f3mo podemos hacer de tu celebraci\u00f3n una experiencia inolvidable.<\/span><\/h4>\t\t\t\t\t\t\t\t<\/div>\n\t\t\t\t<\/div>\n\t\t\t\t<div class=\"elementor-element elementor-element-a94730b elementor-align-center elementor-widget elementor-widget-button\" data-id=\"a94730b\" data-element_type=\"widget\" data-widget_type=\"button.default\">\n\t\t\t\t<div class=\"elementor-widget-container\">\n\t\t\t\t\t\t\t\t\t<div class=\"elementor-button-wrapper\">\n\t\t\t\t\t<a class=\"elementor-button elementor-button-link elementor-size-sm\" href=\"https:\/\/carpasjoal.com\/index.php\/contacto\/\">\n\t\t\t\t\t\t<span class=\"elementor-button-content-wrapper\">\n\t\t\t\t\t\t<span class=\"elementor-button-icon\">\n\t\t\t\t<svg aria-hidden=\"true\" class=\"e-font-icon-svg e-fas-angle-right\" viewBox=\"0 0 256 512\" xmlns=\"http:\/\/www.w3.org\/2000\/svg\"><path d=\"M224.3 273l-136 136c-9.4 9.4-24.6 9.4-33.9 0l-22.6-22.6c-9.4-9.4-9.4-24.6 0-33.9l96.4-96.4-96.4-96.4c-9.4-9.4-9.4-24.6 0-33.9L54.3 103c9.4-9.4 24.6-9.4 33.9 0l136 136c9.5 9.4 9.5 24.6.1 34z\"><\/path><\/svg>\t\t\t<\/span>\n\t\t\t\t\t\t\t\t\t<span class=\"elementor-button-text\">SOLICITA UNA COTIZACI\u00d3N<\/span>\n\t\t\t\t\t<\/span>\n\t\t\t\t\t<\/a>\n\t\t\t\t<\/div>\n\t\t\t\t\t\t\t\t<\/div>\n\t\t\t\t<\/div>\n\t\t\t\t\t<\/div>\n\t\t\t\t<\/div>\n\t\t\t\t<\/div>\n\t\t","protected":false},"excerpt":{"rendered":"<p>NOSOTROS En Carpas Joal, nuestra misi\u00f3n es brindar a nuestros clientes espacios adaptables, c\u00f3modos y seguros para la realizaci\u00f3n de [&hellip;]<\/p>\n","protected":false},"author":1,"featured_media":0,"parent":0,"menu_order":0,"comment_status":"closed","ping_status":"closed","template":"","meta":{"site-sidebar-layout":"no-sidebar","site-content-layout":"","ast-site-content-layout":"full-width-container","site-content-style":"default","site-sidebar-style":"default","ast-global-header-display":"","ast-banner-title-visibility":"","ast-main-header-display":"","ast-hfb-above-header-display":"","ast-hfb-below-header-display":"","ast-hfb-mobile-header-display":"","site-post-title":"disabled","ast-breadcrumbs-content":"","ast-featured-img":"disabled","footer-sml-layout":"","theme-transparent-header-meta":"default","adv-header-id-meta":"","stick-header-meta":"","header-above-stick-meta":"","header-main-stick-meta":"","header-below-stick-meta":"","astra-migrate-meta-layouts":"set","ast-page-background-enabled":"default","ast-page-background-meta":{"desktop":{"background-color":"var(--ast-global-color-5)","background-image":"","background-repeat":"repeat","background-position":"center center","background-size":"auto","background-attachment":"scroll","background-type":"","background-media":"","overlay-type":"","overlay-color":"","overlay-opacity":"","overlay-gradient":""},"tablet":{"background-color":"","background-image":"","background-repeat":"repeat","background-position":"center center","background-size":"auto","background-attachment":"scroll","background-type":"","background-media":"","overlay-type":"","overlay-color":"","overlay-opacity":"","overlay-gradient":""},"mobile":{"background-color":"","background-image":"","background-repeat":"repeat","background-position":"center center","background-size":"auto","background-attachment":"scroll","background-type":"","background-media":"","overlay-type":"","overlay-color":"","overlay-opacity":"","overlay-gradient":""}},"ast-content-background-meta":{"desktop":{"background-color":"var(--ast-global-color-4)","background-image":"","background-repeat":"repeat","background-position":"center center","background-size":"auto","background-attachment":"scroll","background-type":"","background-media":"","overlay-type":"","overlay-color":"","overlay-opacity":"","overlay-gradient":""},"tablet":{"background-color":"var(--ast-global-color-4)","background-image":"","background-repeat":"repeat","background-position":"center center","background-size":"auto","background-attachment":"scroll","background-type":"","background-media":"","overlay-type":"","overlay-color":"","overlay-opacity":"","overlay-gradient":""},"mobile":{"background-color":"var(--ast-global-color-4)","background-image":"","background-repeat":"repeat","background-position":"center center","background-size":"auto","background-attachment":"scroll","background-type":"","background-media":"","overlay-type":"","overlay-color":"","overlay-opacity":"","overlay-gradient":""}},"footnotes":""},"class_list":["post-306","page","type-page","status-publish","hentry"],"yoast_head":"<!-- This site is optimized with the Yoast SEO plugin v24.7 - https:\/\/yoast.com\/wordpress\/plugins\/seo\/ -->\n<title>NOSOTROS - Carpas Joal<\/title>\n<meta name=\"robots\" content=\"index, follow, max-snippet:-1, max-image-preview:large, max-video-preview:-1\" \/>\n<link rel=\"canonical\" href=\"https:\/\/carpasjoal.com\/index.php\/nosotros\/\" \/>\n<meta property=\"og:locale\" content=\"es_ES\" \/>\n<meta property=\"og:type\" content=\"article\" \/>\n<meta property=\"og:title\" content=\"NOSOTROS - Carpas Joal\" \/>\n<meta property=\"og:description\" content=\"NOSOTROS En Carpas Joal, nuestra misi\u00f3n es brindar a nuestros clientes espacios adaptables, c\u00f3modos y seguros para la realizaci\u00f3n de [&hellip;]\" \/>\n<meta property=\"og:url\" content=\"https:\/\/carpasjoal.com\/index.php\/nosotros\/\" \/>\n<meta property=\"og:site_name\" content=\"Carpas Joal\" \/>\n<meta property=\"article:modified_time\" content=\"2025-03-07T11:11:30+00:00\" \/>\n<meta property=\"og:image\" content=\"https:\/\/carpasjoal.com\/wp-content\/uploads\/2025\/03\/img-nosotros1.jpg\" \/>\n\t<meta property=\"og:image:width\" content=\"550\" \/>\n\t<meta property=\"og:image:height\" content=\"350\" \/>\n\t<meta property=\"og:image:type\" content=\"image\/jpeg\" \/>\n<meta name=\"twitter:card\" content=\"summary_large_image\" \/>\n<meta name=\"twitter:label1\" content=\"Tiempo de lectura\" \/>\n\t<meta name=\"twitter:data1\" content=\"2 minutos\" \/>\n<script type=\"application\/ld+json\" class=\"yoast-schema-graph\">{\"@context\":\"https:\/\/schema.org\",\"@graph\":[{\"@type\":\"WebPage\",\"@id\":\"https:\/\/carpasjoal.com\/index.php\/nosotros\/\",\"url\":\"https:\/\/carpasjoal.com\/index.php\/nosotros\/\",\"name\":\"NOSOTROS - Carpas Joal\",\"isPartOf\":{\"@id\":\"https:\/\/carpasjoal.com\/#website\"},\"primaryImageOfPage\":{\"@id\":\"https:\/\/carpasjoal.com\/index.php\/nosotros\/#primaryimage\"},\"image\":{\"@id\":\"https:\/\/carpasjoal.com\/index.php\/nosotros\/#primaryimage\"},\"thumbnailUrl\":\"https:\/\/carpasjoal.com\/wp-content\/uploads\/2025\/03\/img-nosotros1.jpg\",\"datePublished\":\"2025-03-07T10:05:29+00:00\",\"dateModified\":\"2025-03-07T11:11:30+00:00\",\"breadcrumb\":{\"@id\":\"https:\/\/carpasjoal.com\/index.php\/nosotros\/#breadcrumb\"},\"inLanguage\":\"es\",\"potentialAction\":[{\"@type\":\"ReadAction\",\"target\":[\"https:\/\/carpasjoal.com\/index.php\/nosotros\/\"]}]},{\"@type\":\"ImageObject\",\"inLanguage\":\"es\",\"@id\":\"https:\/\/carpasjoal.com\/index.php\/nosotros\/#primaryimage\",\"url\":\"https:\/\/carpasjoal.com\/wp-content\/uploads\/2025\/03\/img-nosotros1.jpg\",\"contentUrl\":\"https:\/\/carpasjoal.com\/wp-content\/uploads\/2025\/03\/img-nosotros1.jpg\",\"width\":550,\"height\":350},{\"@type\":\"BreadcrumbList\",\"@id\":\"https:\/\/carpasjoal.com\/index.php\/nosotros\/#breadcrumb\",\"itemListElement\":[{\"@type\":\"ListItem\",\"position\":1,\"name\":\"Portada\",\"item\":\"https:\/\/carpasjoal.com\/\"},{\"@type\":\"ListItem\",\"position\":2,\"name\":\"NOSOTROS\"}]},{\"@type\":\"WebSite\",\"@id\":\"https:\/\/carpasjoal.com\/#website\",\"url\":\"https:\/\/carpasjoal.com\/\",\"name\":\"Carpas Joal\",\"description\":\"Venta y Renta de carpas estructurales, carpas tipo harem, carpas tipo Par\u00eds, tarimas, templetes y m\u00e1s.\",\"publisher\":{\"@id\":\"https:\/\/carpasjoal.com\/#organization\"},\"potentialAction\":[{\"@type\":\"SearchAction\",\"target\":{\"@type\":\"EntryPoint\",\"urlTemplate\":\"https:\/\/carpasjoal.com\/?s={search_term_string}\"},\"query-input\":{\"@type\":\"PropertyValueSpecification\",\"valueRequired\":true,\"valueName\":\"search_term_string\"}}],\"inLanguage\":\"es\"},{\"@type\":\"Organization\",\"@id\":\"https:\/\/carpasjoal.com\/#organization\",\"name\":\"Carpas Joal\",\"url\":\"https:\/\/carpasjoal.com\/\",\"logo\":{\"@type\":\"ImageObject\",\"inLanguage\":\"es\",\"@id\":\"https:\/\/carpasjoal.com\/#\/schema\/logo\/image\/\",\"url\":\"https:\/\/carpasjoal.com\/wp-content\/uploads\/2025\/03\/cropped-Carpas-Joal-logoweb-1.png\",\"contentUrl\":\"https:\/\/carpasjoal.com\/wp-content\/uploads\/2025\/03\/cropped-Carpas-Joal-logoweb-1.png\",\"width\":242,\"height\":100,\"caption\":\"Carpas Joal\"},\"image\":{\"@id\":\"https:\/\/carpasjoal.com\/#\/schema\/logo\/image\/\"}}]}<\/script>\n<!-- \/ Yoast SEO plugin. -->","yoast_head_json":{"title":"NOSOTROS - Carpas Joal","robots":{"index":"index","follow":"follow","max-snippet":"max-snippet:-1","max-image-preview":"max-image-preview:large","max-video-preview":"max-video-preview:-1"},"canonical":"https:\/\/carpasjoal.com\/index.php\/nosotros\/","og_locale":"es_ES","og_type":"article","og_title":"NOSOTROS - Carpas Joal","og_description":"NOSOTROS En Carpas Joal, nuestra misi\u00f3n es brindar a nuestros clientes espacios adaptables, c\u00f3modos y seguros para la realizaci\u00f3n de [&hellip;]","og_url":"https:\/\/carpasjoal.com\/index.php\/nosotros\/","og_site_name":"Carpas Joal","article_modified_time":"2025-03-07T11:11:30+00:00","og_image":[{"width":550,"height":350,"url":"https:\/\/carpasjoal.com\/wp-content\/uploads\/2025\/03\/img-nosotros1.jpg","type":"image\/jpeg"}],"twitter_card":"summary_large_image","twitter_misc":{"Tiempo de lectura":"2 minutos"},"schema":{"@context":"https:\/\/schema.org","@graph":[{"@type":"WebPage","@id":"https:\/\/carpasjoal.com\/index.php\/nosotros\/","url":"https:\/\/carpasjoal.com\/index.php\/nosotros\/","name":"NOSOTROS - Carpas Joal","isPartOf":{"@id":"https:\/\/carpasjoal.com\/#website"},"primaryImageOfPage":{"@id":"https:\/\/carpasjoal.com\/index.php\/nosotros\/#primaryimage"},"image":{"@id":"https:\/\/carpasjoal.com\/index.php\/nosotros\/#primaryimage"},"thumbnailUrl":"https:\/\/carpasjoal.com\/wp-content\/uploads\/2025\/03\/img-nosotros1.jpg","datePublished":"2025-03-07T10:05:29+00:00","dateModified":"2025-03-07T11:11:30+00:00","breadcrumb":{"@id":"https:\/\/carpasjoal.com\/index.php\/nosotros\/#breadcrumb"},"inLanguage":"es","potentialAction":[{"@type":"ReadAction","target":["https:\/\/carpasjoal.com\/index.php\/nosotros\/"]}]},{"@type":"ImageObject","inLanguage":"es","@id":"https:\/\/carpasjoal.com\/index.php\/nosotros\/#primaryimage","url":"https:\/\/carpasjoal.com\/wp-content\/uploads\/2025\/03\/img-nosotros1.jpg","contentUrl":"https:\/\/carpasjoal.com\/wp-content\/uploads\/2025\/03\/img-nosotros1.jpg","width":550,"height":350},{"@type":"BreadcrumbList","@id":"https:\/\/carpasjoal.com\/index.php\/nosotros\/#breadcrumb","itemListElement":[{"@type":"ListItem","position":1,"name":"Portada","item":"https:\/\/carpasjoal.com\/"},{"@type":"ListItem","position":2,"name":"NOSOTROS"}]},{"@type":"WebSite","@id":"https:\/\/carpasjoal.com\/#website","url":"https:\/\/carpasjoal.com\/","name":"Carpas Joal","description":"Venta y Renta de carpas estructurales, carpas tipo harem, carpas tipo Par\u00eds, tarimas, templetes y m\u00e1s.","publisher":{"@id":"https:\/\/carpasjoal.com\/#organization"},"potentialAction":[{"@type":"SearchAction","target":{"@type":"EntryPoint","urlTemplate":"https:\/\/carpasjoal.com\/?s={search_term_string}"},"query-input":{"@type":"PropertyValueSpecification","valueRequired":true,"valueName":"search_term_string"}}],"inLanguage":"es"},{"@type":"Organization","@id":"https:\/\/carpasjoal.com\/#organization","name":"Carpas Joal","url":"https:\/\/carpasjoal.com\/","logo":{"@type":"ImageObject","inLanguage":"es","@id":"https:\/\/carpasjoal.com\/#\/schema\/logo\/image\/","url":"https:\/\/carpasjoal.com\/wp-content\/uploads\/2025\/03\/cropped-Carpas-Joal-logoweb-1.png","contentUrl":"https:\/\/carpasjoal.com\/wp-content\/uploads\/2025\/03\/cropped-Carpas-Joal-logoweb-1.png","width":242,"height":100,"caption":"Carpas Joal"},"image":{"@id":"https:\/\/carpasjoal.com\/#\/schema\/logo\/image\/"}}]}},"_links":{"self":[{"href":"https:\/\/carpasjoal.com\/index.php\/wp-json\/wp\/v2\/pages\/306","targetHints":{"allow":["GET"]}}],"collection":[{"href":"https:\/\/carpasjoal.com\/index.php\/wp-json\/wp\/v2\/pages"}],"about":[{"href":"https:\/\/carpasjoal.com\/index.php\/wp-json\/wp\/v2\/types\/page"}],"author":[{"embeddable":true,"href":"https:\/\/carpasjoal.com\/index.php\/wp-json\/wp\/v2\/users\/1"}],"replies":[{"embeddable":true,"href":"https:\/\/carpasjoal.com\/index.php\/wp-json\/wp\/v2\/comments?post=306"}],"version-history":[{"count":37,"href":"https:\/\/carpasjoal.com\/index.php\/wp-json\/wp\/v2\/pages\/306\/revisions"}],"predecessor-version":[{"id":350,"href":"https:\/\/carpasjoal.com\/index.php\/wp-json\/wp\/v2\/pages\/306\/revisions\/350"}],"wp:attachment":[{"href":"https:\/\/carpasjoal.com\/index.php\/wp-json\/wp\/v2\/media?parent=306"}],"curies":[{"name":"wp","href":"https:\/\/api.w.org\/{rel}","templated":true}]}}