{"id":266,"date":"2025-03-07T09:41:43","date_gmt":"2025-03-07T09:41:43","guid":{"rendered":"https:\/\/carpasjoal.com\/?page_id=266"},"modified":"2025-03-07T10:01:48","modified_gmt":"2025-03-07T10:01:48","slug":"contacto","status":"publish","type":"page","link":"https:\/\/carpasjoal.com\/index.php\/contacto\/","title":{"rendered":"Contacto"},"content":{"rendered":"\t\t<div data-elementor-type=\"wp-page\" data-elementor-id=\"266\" class=\"elementor elementor-266\">\n\t\t\t\t<div class=\"elementor-element elementor-element-8caa50a e-flex e-con-boxed e-con e-parent\" data-id=\"8caa50a\" data-element_type=\"container\">\n\t\t\t\t\t<div class=\"e-con-inner\">\n\t\t<div class=\"elementor-element elementor-element-d3eb05f e-con-full e-flex e-con e-child\" data-id=\"d3eb05f\" data-element_type=\"container\">\n\t\t\t\t<div class=\"elementor-element elementor-element-929315d elementor-widget elementor-widget-text-editor\" data-id=\"929315d\" data-element_type=\"widget\" data-widget_type=\"text-editor.default\">\n\t\t\t\t<div class=\"elementor-widget-container\">\n\t\t\t\t\t\t\t\t\t<h3 style=\"text-align: center;\">CONT\u00c1CTANOS:<\/h3>\t\t\t\t\t\t\t\t<\/div>\n\t\t\t\t<\/div>\n\t\t\t\t<div class=\"elementor-element elementor-element-c9f07aa elementor-view-stacked elementor-shape-rounded elementor-widget elementor-widget-icon\" data-id=\"c9f07aa\" data-element_type=\"widget\" data-widget_type=\"icon.default\">\n\t\t\t\t<div class=\"elementor-widget-container\">\n\t\t\t\t\t\t\t<div class=\"elementor-icon-wrapper\">\n\t\t\t<div class=\"elementor-icon\">\n\t\t\t<svg aria-hidden=\"true\" class=\"e-font-icon-svg e-fas-map-marked-alt\" viewBox=\"0 0 576 512\" xmlns=\"http:\/\/www.w3.org\/2000\/svg\"><path d=\"M288 0c-69.59 0-126 56.41-126 126 0 56.26 82.35 158.8 113.9 196.02 6.39 7.54 17.82 7.54 24.2 0C331.65 284.8 414 182.26 414 126 414 56.41 357.59 0 288 0zm0 168c-23.2 0-42-18.8-42-42s18.8-42 42-42 42 18.8 42 42-18.8 42-42 42zM20.12 215.95A32.006 32.006 0 0 0 0 245.66v250.32c0 11.32 11.43 19.06 21.94 14.86L160 448V214.92c-8.84-15.98-16.07-31.54-21.25-46.42L20.12 215.95zM288 359.67c-14.07 0-27.38-6.18-36.51-16.96-19.66-23.2-40.57-49.62-59.49-76.72v182l192 64V266c-18.92 27.09-39.82 53.52-59.49 76.72-9.13 10.77-22.44 16.95-36.51 16.95zm266.06-198.51L416 224v288l139.88-55.95A31.996 31.996 0 0 0 576 426.34V176.02c0-11.32-11.43-19.06-21.94-14.86z\"><\/path><\/svg>\t\t\t<\/div>\n\t\t<\/div>\n\t\t\t\t\t\t<\/div>\n\t\t\t\t<\/div>\n\t\t\t\t<div class=\"elementor-element elementor-element-c1444d2 elementor-widget elementor-widget-text-editor\" data-id=\"c1444d2\" data-element_type=\"widget\" data-widget_type=\"text-editor.default\">\n\t\t\t\t<div class=\"elementor-widget-container\">\n\t\t\t\t\t\t\t\t\t<h4 style=\"text-align: center;\">UBICACI\u00d3N:<\/h4><p style=\"text-align: center;\">Calle 22 lote 1 entre Manuel Nieto y Dar\u00edo Peralta.<br \/>C.P. 94296 Boca del R\u00edo, Ver.<\/p>\t\t\t\t\t\t\t\t<\/div>\n\t\t\t\t<\/div>\n\t\t\t\t<div class=\"elementor-element elementor-element-3d22b74 elementor-view-stacked elementor-shape-rounded elementor-widget elementor-widget-icon\" data-id=\"3d22b74\" data-element_type=\"widget\" data-widget_type=\"icon.default\">\n\t\t\t\t<div class=\"elementor-widget-container\">\n\t\t\t\t\t\t\t<div class=\"elementor-icon-wrapper\">\n\t\t\t<div class=\"elementor-icon\">\n\t\t\t<svg aria-hidden=\"true\" class=\"e-font-icon-svg e-fas-phone-alt\" viewBox=\"0 0 512 512\" xmlns=\"http:\/\/www.w3.org\/2000\/svg\"><path d=\"M497.39 361.8l-112-48a24 24 0 0 0-28 6.9l-49.6 60.6A370.66 370.66 0 0 1 130.6 204.11l60.6-49.6a23.94 23.94 0 0 0 6.9-28l-48-112A24.16 24.16 0 0 0 122.6.61l-104 24A24 24 0 0 0 0 48c0 256.5 207.9 464 464 464a24 24 0 0 0 23.4-18.6l24-104a24.29 24.29 0 0 0-14.01-27.6z\"><\/path><\/svg>\t\t\t<\/div>\n\t\t<\/div>\n\t\t\t\t\t\t<\/div>\n\t\t\t\t<\/div>\n\t\t\t\t<div class=\"elementor-element elementor-element-feb34ac elementor-widget elementor-widget-text-editor\" data-id=\"feb34ac\" data-element_type=\"widget\" data-widget_type=\"text-editor.default\">\n\t\t\t\t<div class=\"elementor-widget-container\">\n\t\t\t\t\t\t\t\t\t<h4 style=\"text-align: center;\">TEL\u00c9FONOS:<\/h4><p style=\"text-align: center;\">Celular: 2291535467 y 2291327695<br \/>Oficina: 229213915<\/p>\t\t\t\t\t\t\t\t<\/div>\n\t\t\t\t<\/div>\n\t\t\t\t<\/div>\n\t\t<div class=\"elementor-element elementor-element-fed91d4 e-con-full e-flex e-con e-child\" data-id=\"fed91d4\" data-element_type=\"container\">\n\t\t\t\t<div class=\"elementor-element elementor-element-c15e43b elementor-widget elementor-widget-text-editor\" data-id=\"c15e43b\" data-element_type=\"widget\" data-widget_type=\"text-editor.default\">\n\t\t\t\t<div class=\"elementor-widget-container\">\n\t\t\t\t\t\t\t\t\t<h3 style=\"text-align: center;\">ENV\u00cdANOS TUS DUDAS Y COMENTARIOS:<\/h3>\t\t\t\t\t\t\t\t<\/div>\n\t\t\t\t<\/div>\n\t\t\t\t<div class=\"elementor-element elementor-element-b3b3afb elementor-widget elementor-widget-wpforms\" data-id=\"b3b3afb\" data-element_type=\"widget\" data-widget_type=\"wpforms.default\">\n\t\t\t\t<div class=\"elementor-widget-container\">\n\t\t\t\t\t<style id=\"wpforms-css-vars-elementor-widget-b3b3afb\">\n\t\t\t\t.elementor-widget-wpforms.elementor-element-b3b3afb {\n\t\t\t\t--wpforms-field-size-input-height: 43px;\n--wpforms-field-size-input-spacing: 15px;\n--wpforms-field-size-font-size: 16px;\n--wpforms-field-size-line-height: 19px;\n--wpforms-field-size-padding-h: 14px;\n--wpforms-field-size-checkbox-size: 16px;\n--wpforms-field-size-sublabel-spacing: 5px;\n--wpforms-field-size-icon-size: 1;\n--wpforms-label-size-font-size: 16px;\n--wpforms-label-size-line-height: 19px;\n--wpforms-label-size-sublabel-font-size: 14px;\n--wpforms-label-size-sublabel-line-height: 17px;\n--wpforms-button-size-font-size: 17px;\n--wpforms-button-size-height: 41px;\n--wpforms-button-size-padding-h: 15px;\n--wpforms-button-size-margin-top: 10px;\n\n\t\t\t}\n\t\t\t<\/style><div class=\"wpforms-container wpforms-container-full wpforms-render-modern\" id=\"wpforms-129\"><form id=\"wpforms-form-129\" class=\"wpforms-validate wpforms-form wpforms-ajax-form\" data-formid=\"129\" method=\"post\" enctype=\"multipart\/form-data\" action=\"\/index.php\/wp-json\/wp\/v2\/pages\/266\" data-token=\"e602a4fa463caf2435b7b64b53d145ed\" data-token-time=\"1776346495\"><noscript class=\"wpforms-error-noscript\">Por favor, activa JavaScript en tu navegador para completar este formulario.<\/noscript><div class=\"wpforms-hidden\" id=\"wpforms-error-noscript\">Por favor, activa JavaScript en tu navegador para completar este formulario.<\/div><div class=\"wpforms-field-container\"><div id=\"wpforms-129-field_1-container\" class=\"wpforms-field wpforms-field-name\" data-field-id=\"1\"><label class=\"wpforms-field-label\" for=\"wpforms-129-field_1\">Nombre <span class=\"wpforms-required-label\" aria-hidden=\"true\">*<\/span><\/label><input type=\"text\" id=\"wpforms-129-field_1\" class=\"wpforms-field-large wpforms-field-required\" name=\"wpforms[fields][1]\" aria-errormessage=\"wpforms-129-field_1-error\" required><\/div><div id=\"wpforms-129-field_2-container\" class=\"wpforms-field wpforms-field-email\" data-field-id=\"2\"><label class=\"wpforms-field-label\" for=\"wpforms-129-field_2\">Correo electr\u00f3nico <span class=\"wpforms-required-label\" aria-hidden=\"true\">*<\/span><\/label><input type=\"email\" id=\"wpforms-129-field_2\" class=\"wpforms-field-large wpforms-field-required\" name=\"wpforms[fields][2]\" spellcheck=\"false\" aria-errormessage=\"wpforms-129-field_2-error\" required><\/div><div id=\"wpforms-129-field_5-container\" class=\"wpforms-field wpforms-field-number\" data-field-id=\"5\"><label class=\"wpforms-field-label\" for=\"wpforms-129-field_5\">Tel\u00e9fono<\/label><input type=\"number\" id=\"wpforms-129-field_5\" class=\"wpforms-field-large\" name=\"wpforms[fields][5]\" step=\"any\" aria-errormessage=\"wpforms-129-field_5-error\" ><\/div><div id=\"wpforms-129-field_3-container\" class=\"wpforms-field wpforms-field-textarea\" data-field-id=\"3\"><label class=\"wpforms-field-label\" for=\"wpforms-129-field_3\">Comentario o mensaje:<\/label><textarea id=\"wpforms-129-field_3\" class=\"wpforms-field-small\" name=\"wpforms[fields][3]\" aria-errormessage=\"wpforms-129-field_3-error\" ><\/textarea><\/div><\/div><!-- .wpforms-field-container --><div class=\"wpforms-submit-container\" ><input type=\"hidden\" name=\"wpforms[id]\" value=\"129\"><input type=\"hidden\" name=\"page_title\" value=\"\"><input type=\"hidden\" name=\"page_url\" value=\"https:\/\/carpasjoal.com\/index.php\/wp-json\/wp\/v2\/pages\/266\"><input type=\"hidden\" name=\"url_referer\" value=\"\"><button type=\"submit\" name=\"wpforms[submit]\" id=\"wpforms-submit-129\" class=\"wpforms-submit\" data-alt-text=\"Enviando...\" data-submit-text=\"Enviar\" aria-live=\"assertive\" value=\"wpforms-submit\">Enviar<\/button><img decoding=\"async\" src=\"https:\/\/carpasjoal.com\/wp-content\/plugins\/wpforms-lite\/assets\/images\/submit-spin.svg\" class=\"wpforms-submit-spinner\" style=\"display: none;\" width=\"26\" height=\"26\" alt=\"Cargando\"><\/div><\/form><\/div>  <!-- .wpforms-container -->\t\t\t\t<\/div>\n\t\t\t\t<\/div>\n\t\t\t\t<\/div>\n\t\t\t\t\t<\/div>\n\t\t\t\t<\/div>\n\t\t<div class=\"elementor-element elementor-element-6d74243 e-con-full e-flex e-con e-parent\" data-id=\"6d74243\" data-element_type=\"container\" data-settings=\"{&quot;background_background&quot;:&quot;classic&quot;}\">\n\t\t\t\t<div class=\"elementor-element elementor-element-8ca2cec elementor-widget elementor-widget-text-editor\" data-id=\"8ca2cec\" data-element_type=\"widget\" data-widget_type=\"text-editor.default\">\n\t\t\t\t<div class=\"elementor-widget-container\">\n\t\t\t\t\t\t\t\t\t<h3 style=\"text-align: center;\">MAPA DE UBICACI\u00d3N<\/h3>\t\t\t\t\t\t\t\t<\/div>\n\t\t\t\t<\/div>\n\t\t\t\t<div class=\"elementor-element elementor-element-47e0051 elementor-widget elementor-widget-google_maps\" data-id=\"47e0051\" data-element_type=\"widget\" data-widget_type=\"google_maps.default\">\n\t\t\t\t<div class=\"elementor-widget-container\">\n\t\t\t\t\t\t\t<div class=\"elementor-custom-embed\">\n\t\t\t<iframe loading=\"lazy\"\n\t\t\t\t\tsrc=\"https:\/\/maps.google.com\/maps?q=carpas%20elegantes%20joal&#038;t=m&#038;z=16&#038;output=embed&#038;iwloc=near\"\n\t\t\t\t\ttitle=\"carpas elegantes joal\"\n\t\t\t\t\taria-label=\"carpas elegantes joal\"\n\t\t\t><\/iframe>\n\t\t<\/div>\n\t\t\t\t\t\t<\/div>\n\t\t\t\t<\/div>\n\t\t\t\t<\/div>\n\t\t\t\t<\/div>\n\t\t","protected":false},"excerpt":{"rendered":"<p>CONT\u00c1CTANOS: UBICACI\u00d3N: Calle 22 lote 1 entre Manuel Nieto y Dar\u00edo Peralta.C.P. 94296 Boca del R\u00edo, Ver. TEL\u00c9FONOS: Celular: 2291535467 [&hellip;]<\/p>\n","protected":false},"author":1,"featured_media":0,"parent":0,"menu_order":0,"comment_status":"closed","ping_status":"closed","template":"","meta":{"site-sidebar-layout":"no-sidebar","site-content-layout":"","ast-site-content-layout":"full-width-container","site-content-style":"default","site-sidebar-style":"default","ast-global-header-display":"","ast-banner-title-visibility":"","ast-main-header-display":"","ast-hfb-above-header-display":"","ast-hfb-below-header-display":"","ast-hfb-mobile-header-display":"","site-post-title":"disabled","ast-breadcrumbs-content":"","ast-featured-img":"disabled","footer-sml-layout":"","theme-transparent-header-meta":"default","adv-header-id-meta":"","stick-header-meta":"","header-above-stick-meta":"","header-main-stick-meta":"","header-below-stick-meta":"","astra-migrate-meta-layouts":"set","ast-page-background-enabled":"default","ast-page-background-meta":{"desktop":{"background-color":"var(--ast-global-color-5)","background-image":"","background-repeat":"repeat","background-position":"center center","background-size":"auto","background-attachment":"scroll","background-type":"","background-media":"","overlay-type":"","overlay-color":"","overlay-opacity":"","overlay-gradient":""},"tablet":{"background-color":"","background-image":"","background-repeat":"repeat","background-position":"center center","background-size":"auto","background-attachment":"scroll","background-type":"","background-media":"","overlay-type":"","overlay-color":"","overlay-opacity":"","overlay-gradient":""},"mobile":{"background-color":"","background-image":"","background-repeat":"repeat","background-position":"center center","background-size":"auto","background-attachment":"scroll","background-type":"","background-media":"","overlay-type":"","overlay-color":"","overlay-opacity":"","overlay-gradient":""}},"ast-content-background-meta":{"desktop":{"background-color":"var(--ast-global-color-4)","background-image":"","background-repeat":"repeat","background-position":"center center","background-size":"auto","background-attachment":"scroll","background-type":"","background-media":"","overlay-type":"","overlay-color":"","overlay-opacity":"","overlay-gradient":""},"tablet":{"background-color":"var(--ast-global-color-4)","background-image":"","background-repeat":"repeat","background-position":"center center","background-size":"auto","background-attachment":"scroll","background-type":"","background-media":"","overlay-type":"","overlay-color":"","overlay-opacity":"","overlay-gradient":""},"mobile":{"background-color":"var(--ast-global-color-4)","background-image":"","background-repeat":"repeat","background-position":"center center","background-size":"auto","background-attachment":"scroll","background-type":"","background-media":"","overlay-type":"","overlay-color":"","overlay-opacity":"","overlay-gradient":""}},"footnotes":""},"class_list":["post-266","page","type-page","status-publish","hentry"],"yoast_head":"<!-- This site is optimized with the Yoast SEO plugin v24.7 - https:\/\/yoast.com\/wordpress\/plugins\/seo\/ -->\n<title>Contacto - Carpas Joal<\/title>\n<meta name=\"robots\" content=\"index, follow, max-snippet:-1, max-image-preview:large, max-video-preview:-1\" \/>\n<link rel=\"canonical\" href=\"https:\/\/carpasjoal.com\/index.php\/contacto\/\" \/>\n<meta property=\"og:locale\" content=\"es_ES\" \/>\n<meta property=\"og:type\" content=\"article\" \/>\n<meta property=\"og:title\" content=\"Contacto - Carpas Joal\" \/>\n<meta property=\"og:description\" content=\"CONT\u00c1CTANOS: UBICACI\u00d3N: Calle 22 lote 1 entre Manuel Nieto y Dar\u00edo Peralta.C.P. 94296 Boca del R\u00edo, Ver. TEL\u00c9FONOS: Celular: 2291535467 [&hellip;]\" \/>\n<meta property=\"og:url\" content=\"https:\/\/carpasjoal.com\/index.php\/contacto\/\" \/>\n<meta property=\"og:site_name\" content=\"Carpas Joal\" \/>\n<meta property=\"article:modified_time\" content=\"2025-03-07T10:01:48+00:00\" \/>\n<meta property=\"og:image\" content=\"https:\/\/carpasjoal.com\/wp-content\/plugins\/wpforms-lite\/assets\/images\/submit-spin.svg\" \/>\n<meta name=\"twitter:card\" content=\"summary_large_image\" \/>\n<meta name=\"twitter:label1\" content=\"Tiempo de lectura\" \/>\n\t<meta name=\"twitter:data1\" content=\"1 minuto\" \/>\n<script type=\"application\/ld+json\" class=\"yoast-schema-graph\">{\"@context\":\"https:\/\/schema.org\",\"@graph\":[{\"@type\":\"WebPage\",\"@id\":\"https:\/\/carpasjoal.com\/index.php\/contacto\/\",\"url\":\"https:\/\/carpasjoal.com\/index.php\/contacto\/\",\"name\":\"Contacto - Carpas Joal\",\"isPartOf\":{\"@id\":\"https:\/\/carpasjoal.com\/#website\"},\"primaryImageOfPage\":{\"@id\":\"https:\/\/carpasjoal.com\/index.php\/contacto\/#primaryimage\"},\"image\":{\"@id\":\"https:\/\/carpasjoal.com\/index.php\/contacto\/#primaryimage\"},\"thumbnailUrl\":\"https:\/\/carpasjoal.com\/wp-content\/plugins\/wpforms-lite\/assets\/images\/submit-spin.svg\",\"datePublished\":\"2025-03-07T09:41:43+00:00\",\"dateModified\":\"2025-03-07T10:01:48+00:00\",\"breadcrumb\":{\"@id\":\"https:\/\/carpasjoal.com\/index.php\/contacto\/#breadcrumb\"},\"inLanguage\":\"es\",\"potentialAction\":[{\"@type\":\"ReadAction\",\"target\":[\"https:\/\/carpasjoal.com\/index.php\/contacto\/\"]}]},{\"@type\":\"ImageObject\",\"inLanguage\":\"es\",\"@id\":\"https:\/\/carpasjoal.com\/index.php\/contacto\/#primaryimage\",\"url\":\"https:\/\/carpasjoal.com\/wp-content\/plugins\/wpforms-lite\/assets\/images\/submit-spin.svg\",\"contentUrl\":\"https:\/\/carpasjoal.com\/wp-content\/plugins\/wpforms-lite\/assets\/images\/submit-spin.svg\"},{\"@type\":\"BreadcrumbList\",\"@id\":\"https:\/\/carpasjoal.com\/index.php\/contacto\/#breadcrumb\",\"itemListElement\":[{\"@type\":\"ListItem\",\"position\":1,\"name\":\"Portada\",\"item\":\"https:\/\/carpasjoal.com\/\"},{\"@type\":\"ListItem\",\"position\":2,\"name\":\"Contacto\"}]},{\"@type\":\"WebSite\",\"@id\":\"https:\/\/carpasjoal.com\/#website\",\"url\":\"https:\/\/carpasjoal.com\/\",\"name\":\"Carpas Joal\",\"description\":\"Venta y Renta de carpas estructurales, carpas tipo harem, carpas tipo Par\u00eds, tarimas, templetes y m\u00e1s.\",\"publisher\":{\"@id\":\"https:\/\/carpasjoal.com\/#organization\"},\"potentialAction\":[{\"@type\":\"SearchAction\",\"target\":{\"@type\":\"EntryPoint\",\"urlTemplate\":\"https:\/\/carpasjoal.com\/?s={search_term_string}\"},\"query-input\":{\"@type\":\"PropertyValueSpecification\",\"valueRequired\":true,\"valueName\":\"search_term_string\"}}],\"inLanguage\":\"es\"},{\"@type\":\"Organization\",\"@id\":\"https:\/\/carpasjoal.com\/#organization\",\"name\":\"Carpas Joal\",\"url\":\"https:\/\/carpasjoal.com\/\",\"logo\":{\"@type\":\"ImageObject\",\"inLanguage\":\"es\",\"@id\":\"https:\/\/carpasjoal.com\/#\/schema\/logo\/image\/\",\"url\":\"https:\/\/carpasjoal.com\/wp-content\/uploads\/2025\/03\/cropped-Carpas-Joal-logoweb-1.png\",\"contentUrl\":\"https:\/\/carpasjoal.com\/wp-content\/uploads\/2025\/03\/cropped-Carpas-Joal-logoweb-1.png\",\"width\":242,\"height\":100,\"caption\":\"Carpas Joal\"},\"image\":{\"@id\":\"https:\/\/carpasjoal.com\/#\/schema\/logo\/image\/\"}}]}<\/script>\n<!-- \/ Yoast SEO plugin. -->","yoast_head_json":{"title":"Contacto - Carpas Joal","robots":{"index":"index","follow":"follow","max-snippet":"max-snippet:-1","max-image-preview":"max-image-preview:large","max-video-preview":"max-video-preview:-1"},"canonical":"https:\/\/carpasjoal.com\/index.php\/contacto\/","og_locale":"es_ES","og_type":"article","og_title":"Contacto - Carpas Joal","og_description":"CONT\u00c1CTANOS: UBICACI\u00d3N: Calle 22 lote 1 entre Manuel Nieto y Dar\u00edo Peralta.C.P. 94296 Boca del R\u00edo, Ver. TEL\u00c9FONOS: Celular: 2291535467 [&hellip;]","og_url":"https:\/\/carpasjoal.com\/index.php\/contacto\/","og_site_name":"Carpas Joal","article_modified_time":"2025-03-07T10:01:48+00:00","og_image":[{"url":"https:\/\/carpasjoal.com\/wp-content\/plugins\/wpforms-lite\/assets\/images\/submit-spin.svg","type":"","width":"","height":""}],"twitter_card":"summary_large_image","twitter_misc":{"Tiempo de lectura":"1 minuto"},"schema":{"@context":"https:\/\/schema.org","@graph":[{"@type":"WebPage","@id":"https:\/\/carpasjoal.com\/index.php\/contacto\/","url":"https:\/\/carpasjoal.com\/index.php\/contacto\/","name":"Contacto - Carpas Joal","isPartOf":{"@id":"https:\/\/carpasjoal.com\/#website"},"primaryImageOfPage":{"@id":"https:\/\/carpasjoal.com\/index.php\/contacto\/#primaryimage"},"image":{"@id":"https:\/\/carpasjoal.com\/index.php\/contacto\/#primaryimage"},"thumbnailUrl":"https:\/\/carpasjoal.com\/wp-content\/plugins\/wpforms-lite\/assets\/images\/submit-spin.svg","datePublished":"2025-03-07T09:41:43+00:00","dateModified":"2025-03-07T10:01:48+00:00","breadcrumb":{"@id":"https:\/\/carpasjoal.com\/index.php\/contacto\/#breadcrumb"},"inLanguage":"es","potentialAction":[{"@type":"ReadAction","target":["https:\/\/carpasjoal.com\/index.php\/contacto\/"]}]},{"@type":"ImageObject","inLanguage":"es","@id":"https:\/\/carpasjoal.com\/index.php\/contacto\/#primaryimage","url":"https:\/\/carpasjoal.com\/wp-content\/plugins\/wpforms-lite\/assets\/images\/submit-spin.svg","contentUrl":"https:\/\/carpasjoal.com\/wp-content\/plugins\/wpforms-lite\/assets\/images\/submit-spin.svg"},{"@type":"BreadcrumbList","@id":"https:\/\/carpasjoal.com\/index.php\/contacto\/#breadcrumb","itemListElement":[{"@type":"ListItem","position":1,"name":"Portada","item":"https:\/\/carpasjoal.com\/"},{"@type":"ListItem","position":2,"name":"Contacto"}]},{"@type":"WebSite","@id":"https:\/\/carpasjoal.com\/#website","url":"https:\/\/carpasjoal.com\/","name":"Carpas Joal","description":"Venta y Renta de carpas estructurales, carpas tipo harem, carpas tipo Par\u00eds, tarimas, templetes y m\u00e1s.","publisher":{"@id":"https:\/\/carpasjoal.com\/#organization"},"potentialAction":[{"@type":"SearchAction","target":{"@type":"EntryPoint","urlTemplate":"https:\/\/carpasjoal.com\/?s={search_term_string}"},"query-input":{"@type":"PropertyValueSpecification","valueRequired":true,"valueName":"search_term_string"}}],"inLanguage":"es"},{"@type":"Organization","@id":"https:\/\/carpasjoal.com\/#organization","name":"Carpas Joal","url":"https:\/\/carpasjoal.com\/","logo":{"@type":"ImageObject","inLanguage":"es","@id":"https:\/\/carpasjoal.com\/#\/schema\/logo\/image\/","url":"https:\/\/carpasjoal.com\/wp-content\/uploads\/2025\/03\/cropped-Carpas-Joal-logoweb-1.png","contentUrl":"https:\/\/carpasjoal.com\/wp-content\/uploads\/2025\/03\/cropped-Carpas-Joal-logoweb-1.png","width":242,"height":100,"caption":"Carpas Joal"},"image":{"@id":"https:\/\/carpasjoal.com\/#\/schema\/logo\/image\/"}}]}},"_links":{"self":[{"href":"https:\/\/carpasjoal.com\/index.php\/wp-json\/wp\/v2\/pages\/266","targetHints":{"allow":["GET"]}}],"collection":[{"href":"https:\/\/carpasjoal.com\/index.php\/wp-json\/wp\/v2\/pages"}],"about":[{"href":"https:\/\/carpasjoal.com\/index.php\/wp-json\/wp\/v2\/types\/page"}],"author":[{"embeddable":true,"href":"https:\/\/carpasjoal.com\/index.php\/wp-json\/wp\/v2\/users\/1"}],"replies":[{"embeddable":true,"href":"https:\/\/carpasjoal.com\/index.php\/wp-json\/wp\/v2\/comments?post=266"}],"version-history":[{"count":37,"href":"https:\/\/carpasjoal.com\/index.php\/wp-json\/wp\/v2\/pages\/266\/revisions"}],"predecessor-version":[{"id":305,"href":"https:\/\/carpasjoal.com\/index.php\/wp-json\/wp\/v2\/pages\/266\/revisions\/305"}],"wp:attachment":[{"href":"https:\/\/carpasjoal.com\/index.php\/wp-json\/wp\/v2\/media?parent=266"}],"curies":[{"name":"wp","href":"https:\/\/api.w.org\/{rel}","templated":true}]}}